{"id":995,"date":"2012-02-20T21:28:58","date_gmt":"2012-02-20T20:28:58","guid":{"rendered":"http:\/\/www.offene-buehne-dresden.de\/?page_id=995"},"modified":"2023-05-21T19:57:59","modified_gmt":"2023-05-21T17:57:59","slug":"oktober-2-2011","status":"publish","type":"page","link":"https:\/\/www.offene-buehne-dresden.de\/pl\/archiv-fotos\/oktober-2-2011\/","title":{"rendered":"<p>Pa\u017adziernik (2) 2011 r.<\/p>"},"content":{"rendered":"<p>Dwudziesty czwarty Otwarty etap w Dre\u017anie od 30 pa\u017adziernika 2011 r.<h3>Zdj\u0119cia <a href=\"http:\/\/www.2komma8.com\/\" target=\"_blank\" rel=\"noopener\">Marielle Viola Morawitz<\/a><\/h3><p>\nngg_shortcode_0_placeholder\n<\/p><\/p>","protected":false},"excerpt":{"rendered":"<p>Die 24. Offene B&uuml;hne Dresden vom 30. Oktober 2011. Fotos von Marielle Viola Morawitz<\/p>","protected":false},"author":11,"featured_media":0,"parent":27,"menu_order":44,"comment_status":"closed","ping_status":"closed","template":"","meta":{"ngg_post_thumbnail":0,"footnotes":""},"class_list":["post-995","page","type-page","status-publish","hentry"],"jetpack_sharing_enabled":true,"_links":{"self":[{"href":"https:\/\/www.offene-buehne-dresden.de\/pl\/wp-json\/wp\/v2\/pages\/995","targetHints":{"allow":["GET"]}}],"collection":[{"href":"https:\/\/www.offene-buehne-dresden.de\/pl\/wp-json\/wp\/v2\/pages"}],"about":[{"href":"https:\/\/www.offene-buehne-dresden.de\/pl\/wp-json\/wp\/v2\/types\/page"}],"author":[{"embeddable":true,"href":"https:\/\/www.offene-buehne-dresden.de\/pl\/wp-json\/wp\/v2\/users\/11"}],"replies":[{"embeddable":true,"href":"https:\/\/www.offene-buehne-dresden.de\/pl\/wp-json\/wp\/v2\/comments?post=995"}],"version-history":[{"count":2,"href":"https:\/\/www.offene-buehne-dresden.de\/pl\/wp-json\/wp\/v2\/pages\/995\/revisions"}],"predecessor-version":[{"id":15057,"href":"https:\/\/www.offene-buehne-dresden.de\/pl\/wp-json\/wp\/v2\/pages\/995\/revisions\/15057"}],"up":[{"embeddable":true,"href":"https:\/\/www.offene-buehne-dresden.de\/pl\/wp-json\/wp\/v2\/pages\/27"}],"wp:attachment":[{"href":"https:\/\/www.offene-buehne-dresden.de\/pl\/wp-json\/wp\/v2\/media?parent=995"}],"curies":[{"name":"wp","href":"https:\/\/api.w.org\/{rel}","templated":true}]}}