{"id":75,"date":"2009-07-11T22:13:34","date_gmt":"2009-07-11T20:13:34","guid":{"rendered":"http:\/\/www.offene-buehne-dresden.de\/?page_id=75"},"modified":"2023-05-19T06:15:18","modified_gmt":"2023-05-19T04:15:18","slug":"mitmachen","status":"publish","type":"page","link":"https:\/\/www.offene-buehne-dresden.de\/pl\/mitmachen\/","title":{"rendered":"<p>Uczestniczy\u0107<\/p>"},"content":{"rendered":"<p><strong>Chcesz zaprezentowa\u0107 w\u0142asne lub zagraniczne wiersze, teksty lub muzyk\u0119?<\/strong> Przyjd\u017a do nas przed wydarzeniem lub skontaktuj si\u0119 z nami tutaj.<div class=\"rules\">\n<h2 class=\"rules-headline\">zasady<\/h2>\n<ol>\n<li>Wk\u0142ad musi zosta\u0107 zarejestrowany w zespole na wczesnym etapie, a wykonanie musi by\u0107 obiecane, aby mo\u017cna by\u0142o zorganizowa\u0107 sp\u00f3jn\u0105 sekwencj\u0119 etapu lub umo\u017cliwi\u0107 pojawienie si\u0119.<\/li>\n<li>Wk\u0142ad trwa maksymalnie 10 minut.<\/li>\n<li>Moderatorzy zwracaj\u0105 uwag\u0119 na przestrzeganie wymog\u00f3w czasowych. Wydarzenie zostanie nagrane obrazem i d\u017awi\u0119kiem na \u017cyczenie.<\/li>\n<li>Wszyscy uczestnicy zobowi\u0105zuj\u0105 si\u0119 do wzajemnej tolerancji i poszanowania godno\u015bci ludzkiej.<\/li>\n<\/ol>\n<p>Kultura od A do Z: Wszystko jest mo\u017cliwe!<\/p>\n<p><i>Ze wzgl\u0119du na lepsz\u0105 czytelno\u015b\u0107 dla uproszczenia u\u017cywana jest tylko forma \u017ce\u0144ska. Oczywi\u015bcie osoby, kt\u00f3re nie s\u0105 wyra\u017anie wymienione, s\u0105 zawsze uwzgl\u0119dniane.<\/i><\/p>\n<\/div><div class=\"contact-form\"><form id=\"forminator-module-15051\" class=\"forminator-custom-form forminator-custom-form-15051\" method=\"post\" data-forminator-render=\"0\" data-uid=\"6a0347d52495f\" action=\"\"><div role=\"alert\" aria-live=\"polite\" class=\"forminator-response-message forminator-error\" aria-hidden=\"true\"><\/div><input type=\"hidden\" name=\"etm-form-language\" value=\"pl\"\/><\/form><\/div><\/p>","protected":false},"excerpt":{"rendered":"<p>Habt Ihr Lust, eigene oder fremde Gedichte, Texte oder Musik vorzustellen? Dann kommt einfach vor der Veranstaltung zu uns oder&hellip;<\/p>","protected":false},"author":11,"featured_media":0,"parent":0,"menu_order":3,"comment_status":"open","ping_status":"closed","template":"","meta":{"ngg_post_thumbnail":0,"footnotes":""},"class_list":["post-75","page","type-page","status-publish","hentry"],"jetpack_sharing_enabled":true,"_links":{"self":[{"href":"https:\/\/www.offene-buehne-dresden.de\/pl\/wp-json\/wp\/v2\/pages\/75","targetHints":{"allow":["GET"]}}],"collection":[{"href":"https:\/\/www.offene-buehne-dresden.de\/pl\/wp-json\/wp\/v2\/pages"}],"about":[{"href":"https:\/\/www.offene-buehne-dresden.de\/pl\/wp-json\/wp\/v2\/types\/page"}],"author":[{"embeddable":true,"href":"https:\/\/www.offene-buehne-dresden.de\/pl\/wp-json\/wp\/v2\/users\/11"}],"replies":[{"embeddable":true,"href":"https:\/\/www.offene-buehne-dresden.de\/pl\/wp-json\/wp\/v2\/comments?post=75"}],"version-history":[{"count":15,"href":"https:\/\/www.offene-buehne-dresden.de\/pl\/wp-json\/wp\/v2\/pages\/75\/revisions"}],"predecessor-version":[{"id":15052,"href":"https:\/\/www.offene-buehne-dresden.de\/pl\/wp-json\/wp\/v2\/pages\/75\/revisions\/15052"}],"wp:attachment":[{"href":"https:\/\/www.offene-buehne-dresden.de\/pl\/wp-json\/wp\/v2\/media?parent=75"}],"curies":[{"name":"wp","href":"https:\/\/api.w.org\/{rel}","templated":true}]}}