{"id":75,"date":"2009-07-11T22:13:34","date_gmt":"2009-07-11T20:13:34","guid":{"rendered":"http:\/\/www.offene-buehne-dresden.de\/?page_id=75"},"modified":"2023-05-19T06:15:18","modified_gmt":"2023-05-19T04:15:18","slug":"mitmachen","status":"publish","type":"page","link":"https:\/\/www.offene-buehne-dresden.de\/fr\/mitmachen\/","title":{"rendered":"<p>Participer<\/p>"},"content":{"rendered":"<p><strong>Avez-vous envie de pr\u00e9senter vos propres po\u00e8mes, textes ou musiques?<\/strong> Alors venez nous voir avant l'\u00e9v\u00e9nement ou entrez en contact avec nous ici.<div class=\"rules\">\n<h2 class=\"rules-headline\">r\u00e8gles<\/h2>\n<ol>\n<li>La contribution doit \u00eatre annonc\u00e9e \u00e0 l'avance \u00e0 l'\u00e9quipe et la repr\u00e9sentation promise afin qu'un d\u00e9roulement harmonieux de la sc\u00e8ne puisse \u00eatre organis\u00e9 ou qu'une repr\u00e9sentation soit possible.<\/li>\n<li>Une contribution dure au maximum 10 minutes.<\/li>\n<li>Les mod\u00e9ratrices veillent au respect des d\u00e9lais. L'\u00e9v\u00e9nement est enregistr\u00e9 en image et en son sur demande.<\/li>\n<li>Toutes les participantes s'engagent \u00e0 la tol\u00e9rance mutuelle et au respect de la dignit\u00e9 humaine.<\/li>\n<\/ol>\n<p>Culture de A \u00e0 Z : tout est possible!<\/p>\n<p><i>En raison de la meilleure lisibilit\u00e9, seule la forme f\u00e9minine est utilis\u00e9e pour des raisons de simplicit\u00e9. Les personnes non explicitement mentionn\u00e9es sont bien s\u00fbr toujours incluses.<\/i><\/p>\n<\/div><div class=\"contact-form\"><form id=\"forminator-module-15051\" class=\"forminator-custom-form forminator-custom-form-15051\" method=\"post\" data-forminator-render=\"0\" data-uid=\"6a0347b78561b\" action=\"\"><div role=\"alert\" aria-live=\"polite\" class=\"forminator-response-message forminator-error\" aria-hidden=\"true\"><\/div><input type=\"hidden\" name=\"etm-form-language\" value=\"fr\"\/><\/form><\/div><\/p>","protected":false},"excerpt":{"rendered":"<p>Habt Ihr Lust, eigene oder fremde Gedichte, Texte oder Musik vorzustellen? Dann kommt einfach vor der Veranstaltung zu uns oder&hellip;<\/p>","protected":false},"author":11,"featured_media":0,"parent":0,"menu_order":3,"comment_status":"open","ping_status":"closed","template":"","meta":{"ngg_post_thumbnail":0,"footnotes":""},"class_list":["post-75","page","type-page","status-publish","hentry"],"jetpack_sharing_enabled":true,"_links":{"self":[{"href":"https:\/\/www.offene-buehne-dresden.de\/fr\/wp-json\/wp\/v2\/pages\/75","targetHints":{"allow":["GET"]}}],"collection":[{"href":"https:\/\/www.offene-buehne-dresden.de\/fr\/wp-json\/wp\/v2\/pages"}],"about":[{"href":"https:\/\/www.offene-buehne-dresden.de\/fr\/wp-json\/wp\/v2\/types\/page"}],"author":[{"embeddable":true,"href":"https:\/\/www.offene-buehne-dresden.de\/fr\/wp-json\/wp\/v2\/users\/11"}],"replies":[{"embeddable":true,"href":"https:\/\/www.offene-buehne-dresden.de\/fr\/wp-json\/wp\/v2\/comments?post=75"}],"version-history":[{"count":15,"href":"https:\/\/www.offene-buehne-dresden.de\/fr\/wp-json\/wp\/v2\/pages\/75\/revisions"}],"predecessor-version":[{"id":15052,"href":"https:\/\/www.offene-buehne-dresden.de\/fr\/wp-json\/wp\/v2\/pages\/75\/revisions\/15052"}],"wp:attachment":[{"href":"https:\/\/www.offene-buehne-dresden.de\/fr\/wp-json\/wp\/v2\/media?parent=75"}],"curies":[{"name":"wp","href":"https:\/\/api.w.org\/{rel}","templated":true}]}}