{"id":75,"date":"2009-07-11T22:13:34","date_gmt":"2009-07-11T20:13:34","guid":{"rendered":"http:\/\/www.offene-buehne-dresden.de\/?page_id=75"},"modified":"2023-05-19T06:15:18","modified_gmt":"2023-05-19T04:15:18","slug":"mitmachen","status":"publish","type":"page","link":"https:\/\/www.offene-buehne-dresden.de\/de\/mitmachen\/","title":{"rendered":"Mitmachen"},"content":{"rendered":"<p><strong>Habt Ihr Lust, eigene oder fremde Gedichte, Texte oder Musik vorzustellen?<\/strong> Dann kommt einfach vor der Veranstaltung zu uns oder tretet mit uns hier in Kontakt.<\/p>\n<div class=\"rules\">\n<h2 class=\"rules-headline\">Regeln<\/h2>\n<ol>\n<li>Der Beitrag muss fr\u00fchzeitig beim Team angemeldet und der Auftritt zugesagt werden, damit ein stimmiger Ablauf der B\u00fchne organisiert werden kann bzw. ein Auftritt m\u00f6glich ist.<\/li>\n<li>Ein Beitrag dauert maximal 10 Minuten.<\/li>\n<li>Die Moderatorinnen achten auf die Einhaltung der zeitlichen Vorgaben. Die Veranstaltung wird auf Wunsch in Bild und Ton aufgezeichnet.<\/li>\n<li>Alle Teilnehmerinnen verpflichten sich zu gegenseitiger Toleranz und Achtung der Menschenw\u00fcrde.<\/li>\n<\/ol>\n<p>Kultur von A-Z: Alles ist m\u00f6glich!<\/p>\n<p><i>Aufgrund der besseren Lesbarkeit wird der Einfachheit halber nur die weibliche Form verwendet. Nicht explizit angesprochene Menschen sind selbstverst\u00e4ndlich immer mit eingeschlossen.<\/i><\/p>\n<\/div>\n<div class=\"contact-form\"><form id=\"forminator-module-15051\" class=\"forminator-custom-form forminator-custom-form-15051\" method=\"post\" data-forminator-render=\"0\" data-uid=\"6a032c5adba68\"><div role=\"alert\" aria-live=\"polite\" class=\"forminator-response-message forminator-error\" aria-hidden=\"true\"><\/div><\/form><\/div>\n","protected":false},"excerpt":{"rendered":"<p>Habt Ihr Lust, eigene oder fremde Gedichte, Texte oder Musik vorzustellen? Dann kommt einfach vor der Veranstaltung zu uns oder&#8230;<\/p>\n","protected":false},"author":11,"featured_media":0,"parent":0,"menu_order":3,"comment_status":"open","ping_status":"closed","template":"","meta":{"ngg_post_thumbnail":0,"footnotes":""},"class_list":["post-75","page","type-page","status-publish","hentry"],"jetpack_sharing_enabled":true,"_links":{"self":[{"href":"https:\/\/www.offene-buehne-dresden.de\/de\/wp-json\/wp\/v2\/pages\/75","targetHints":{"allow":["GET"]}}],"collection":[{"href":"https:\/\/www.offene-buehne-dresden.de\/de\/wp-json\/wp\/v2\/pages"}],"about":[{"href":"https:\/\/www.offene-buehne-dresden.de\/de\/wp-json\/wp\/v2\/types\/page"}],"author":[{"embeddable":true,"href":"https:\/\/www.offene-buehne-dresden.de\/de\/wp-json\/wp\/v2\/users\/11"}],"replies":[{"embeddable":true,"href":"https:\/\/www.offene-buehne-dresden.de\/de\/wp-json\/wp\/v2\/comments?post=75"}],"version-history":[{"count":15,"href":"https:\/\/www.offene-buehne-dresden.de\/de\/wp-json\/wp\/v2\/pages\/75\/revisions"}],"predecessor-version":[{"id":15052,"href":"https:\/\/www.offene-buehne-dresden.de\/de\/wp-json\/wp\/v2\/pages\/75\/revisions\/15052"}],"wp:attachment":[{"href":"https:\/\/www.offene-buehne-dresden.de\/de\/wp-json\/wp\/v2\/media?parent=75"}],"curies":[{"name":"wp","href":"https:\/\/api.w.org\/{rel}","templated":true}]}}