{"id":27,"date":"2009-07-11T21:04:34","date_gmt":"2009-07-11T19:04:34","guid":{"rendered":"http:\/\/www.offene-buehne-dresden.de\/?page_id=27"},"modified":"2017-11-13T00:32:04","modified_gmt":"2017-11-12T22:32:04","slug":"archiv-fotos","status":"publish","type":"page","link":"https:\/\/www.offene-buehne-dresden.de\/de\/archiv-fotos\/","title":{"rendered":"Archiv &#038; Fotos"},"content":{"rendered":"ngg_shortcode_0_placeholder\n<p>Dieses Archiv beinhaltet von den Anf\u00e4ngen der Offenen B\u00fchne im Hecht bis zu den aktuellen Material alle Infos und Bilder, die den Steffens ver\u00f6ffentlichungsw\u00fcrdig erscheinen.<\/p>\n<p><strong>Viel Spa\u00df beim St\u00f6bern und Zur\u00fcckerinnern!<\/strong><\/p>\n","protected":false},"excerpt":{"rendered":"<p>Dieses Archiv beinhaltet von den Anf\u00e4ngen der Offenen B\u00fchne im Hecht bis zu den aktuellen Material alle Infos und Bilder,&#8230;<\/p>\n","protected":false},"author":11,"featured_media":0,"parent":0,"menu_order":98,"comment_status":"closed","ping_status":"closed","template":"","meta":{"ngg_post_thumbnail":0,"footnotes":""},"class_list":["post-27","page","type-page","status-publish","hentry"],"jetpack_sharing_enabled":true,"_links":{"self":[{"href":"https:\/\/www.offene-buehne-dresden.de\/de\/wp-json\/wp\/v2\/pages\/27","targetHints":{"allow":["GET"]}}],"collection":[{"href":"https:\/\/www.offene-buehne-dresden.de\/de\/wp-json\/wp\/v2\/pages"}],"about":[{"href":"https:\/\/www.offene-buehne-dresden.de\/de\/wp-json\/wp\/v2\/types\/page"}],"author":[{"embeddable":true,"href":"https:\/\/www.offene-buehne-dresden.de\/de\/wp-json\/wp\/v2\/users\/11"}],"replies":[{"embeddable":true,"href":"https:\/\/www.offene-buehne-dresden.de\/de\/wp-json\/wp\/v2\/comments?post=27"}],"version-history":[{"count":1,"href":"https:\/\/www.offene-buehne-dresden.de\/de\/wp-json\/wp\/v2\/pages\/27\/revisions"}],"predecessor-version":[{"id":5756,"href":"https:\/\/www.offene-buehne-dresden.de\/de\/wp-json\/wp\/v2\/pages\/27\/revisions\/5756"}],"wp:attachment":[{"href":"https:\/\/www.offene-buehne-dresden.de\/de\/wp-json\/wp\/v2\/media?parent=27"}],"curies":[{"name":"wp","href":"https:\/\/api.w.org\/{rel}","templated":true}]}}