{"id":959,"date":"2011-12-20T19:23:01","date_gmt":"2011-12-20T18:23:01","guid":{"rendered":"http:\/\/www.offene-buehne-dresden.de\/?page_id=959"},"modified":"2023-05-21T19:56:13","modified_gmt":"2023-05-21T17:56:13","slug":"november-2011","status":"publish","type":"page","link":"https:\/\/www.offene-buehne-dresden.de\/cs\/archiv-fotos\/november-2011\/","title":{"rendered":"<p>listopadu 2011<\/p>"},"content":{"rendered":"<p>Dvac\u00e1t\u00fd \u010dtvrt\u00fd Otev\u0159en\u00e1 sc\u00e9na Dr\u00e1\u017e\u010fany od 27. listopadu 2011.<h3>Fotky <a title=\"Dana Bretschneiderov\u00e1\" href=\"http:\/\/www.dana-bretschneider.de\/\" target=\"_blank\" rel=\"noopener\">Dana Bretschneiderov\u00e1<\/a><\/h3><p>\nngg_shortcode_0_placeholder\n<\/p><\/p>","protected":false},"excerpt":{"rendered":"<p>Die 24. Offene B&uuml;hne Dresden vom 27. November 2011. Fotos von Dana Bretschneider<\/p>","protected":false},"author":11,"featured_media":0,"parent":27,"menu_order":43,"comment_status":"closed","ping_status":"closed","template":"","meta":{"ngg_post_thumbnail":0,"footnotes":""},"class_list":["post-959","page","type-page","status-publish","hentry"],"jetpack_sharing_enabled":true,"_links":{"self":[{"href":"https:\/\/www.offene-buehne-dresden.de\/cs\/wp-json\/wp\/v2\/pages\/959","targetHints":{"allow":["GET"]}}],"collection":[{"href":"https:\/\/www.offene-buehne-dresden.de\/cs\/wp-json\/wp\/v2\/pages"}],"about":[{"href":"https:\/\/www.offene-buehne-dresden.de\/cs\/wp-json\/wp\/v2\/types\/page"}],"author":[{"embeddable":true,"href":"https:\/\/www.offene-buehne-dresden.de\/cs\/wp-json\/wp\/v2\/users\/11"}],"replies":[{"embeddable":true,"href":"https:\/\/www.offene-buehne-dresden.de\/cs\/wp-json\/wp\/v2\/comments?post=959"}],"version-history":[{"count":2,"href":"https:\/\/www.offene-buehne-dresden.de\/cs\/wp-json\/wp\/v2\/pages\/959\/revisions"}],"predecessor-version":[{"id":15056,"href":"https:\/\/www.offene-buehne-dresden.de\/cs\/wp-json\/wp\/v2\/pages\/959\/revisions\/15056"}],"up":[{"embeddable":true,"href":"https:\/\/www.offene-buehne-dresden.de\/cs\/wp-json\/wp\/v2\/pages\/27"}],"wp:attachment":[{"href":"https:\/\/www.offene-buehne-dresden.de\/cs\/wp-json\/wp\/v2\/media?parent=959"}],"curies":[{"name":"wp","href":"https:\/\/api.w.org\/{rel}","templated":true}]}}