{"id":1102,"date":"2012-06-09T17:39:06","date_gmt":"2012-06-09T15:39:06","guid":{"rendered":"http:\/\/www.offene-buehne-dresden.de\/?page_id=1102"},"modified":"2017-11-13T19:11:01","modified_gmt":"2017-11-13T17:11:01","slug":"mai-2012","status":"publish","type":"page","link":"https:\/\/www.offene-buehne-dresden.de\/cs\/archiv-fotos\/mai-2012\/","title":{"rendered":"<p>kv\u011bten 2012<\/p>"},"content":{"rendered":"<p>Dvac\u00e1t\u00fd dev\u00e1t\u00fd Otev\u0159en\u00e1 sc\u00e9na Dr\u00e1\u017e\u010fany od 27. kv\u011btna 2012.<h3>Fotky <a href=\"http:\/\/www.haas-musik.de\" target=\"_blank\">Steffen Haasov\u00e1<\/a><\/h3><p>\nngg_shortcode_0_placeholder\n<\/p><\/p>","protected":false},"excerpt":{"rendered":"<p>Die 29. Offene B&uuml;hne Dresden vom 27. Mai 2012. Fotos von Steffen Haas<\/p>","protected":false},"author":11,"featured_media":0,"parent":27,"menu_order":38,"comment_status":"closed","ping_status":"closed","template":"","meta":{"ngg_post_thumbnail":0,"footnotes":""},"class_list":["post-1102","page","type-page","status-publish","hentry"],"jetpack_sharing_enabled":true,"_links":{"self":[{"href":"https:\/\/www.offene-buehne-dresden.de\/cs\/wp-json\/wp\/v2\/pages\/1102","targetHints":{"allow":["GET"]}}],"collection":[{"href":"https:\/\/www.offene-buehne-dresden.de\/cs\/wp-json\/wp\/v2\/pages"}],"about":[{"href":"https:\/\/www.offene-buehne-dresden.de\/cs\/wp-json\/wp\/v2\/types\/page"}],"author":[{"embeddable":true,"href":"https:\/\/www.offene-buehne-dresden.de\/cs\/wp-json\/wp\/v2\/users\/11"}],"replies":[{"embeddable":true,"href":"https:\/\/www.offene-buehne-dresden.de\/cs\/wp-json\/wp\/v2\/comments?post=1102"}],"version-history":[{"count":2,"href":"https:\/\/www.offene-buehne-dresden.de\/cs\/wp-json\/wp\/v2\/pages\/1102\/revisions"}],"predecessor-version":[{"id":7957,"href":"https:\/\/www.offene-buehne-dresden.de\/cs\/wp-json\/wp\/v2\/pages\/1102\/revisions\/7957"}],"up":[{"embeddable":true,"href":"https:\/\/www.offene-buehne-dresden.de\/cs\/wp-json\/wp\/v2\/pages\/27"}],"wp:attachment":[{"href":"https:\/\/www.offene-buehne-dresden.de\/cs\/wp-json\/wp\/v2\/media?parent=1102"}],"curies":[{"name":"wp","href":"https:\/\/api.w.org\/{rel}","templated":true}]}}